{"id":722,"date":"2024-04-13T10:12:31","date_gmt":"2024-04-13T10:12:31","guid":{"rendered":"http:\/\/fredparonuzzi.fr\/?page_id=722"},"modified":"2025-05-15T08:42:50","modified_gmt":"2025-05-15T08:42:50","slug":"rencontres","status":"publish","type":"page","link":"https:\/\/fredparonuzzi.fr\/index.php\/rencontres\/","title":{"rendered":"Rencontres"},"content":{"rendered":"\t\t<div data-elementor-type=\"wp-page\" data-elementor-id=\"722\" class=\"elementor elementor-722\">\n\t\t\t\t<div class=\"elementor-element elementor-element-25478b4 e-con-full e-flex e-con e-parent\" data-id=\"25478b4\" data-element_type=\"container\" data-e-type=\"container\">\n\t\t\t\t<div class=\"elementor-element elementor-element-e2dfbf7 elementor-widget elementor-widget-heading\" data-id=\"e2dfbf7\" data-element_type=\"widget\" data-e-type=\"widget\" data-widget_type=\"heading.default\">\n\t\t\t\t<div class=\"elementor-widget-container\">\n\t\t\t\t\t<h2 class=\"elementor-heading-title elementor-size-default\">Rencontres et ateliers<br><\/h2>\t\t\t\t<\/div>\n\t\t\t\t<\/div>\n\t\t\t\t<div class=\"elementor-element elementor-element-6d4f3a7 elementor-widget elementor-widget-image\" data-id=\"6d4f3a7\" data-element_type=\"widget\" data-e-type=\"widget\" data-widget_type=\"image.default\">\n\t\t\t\t<div class=\"elementor-widget-container\">\n\t\t\t\t\t\t\t\t\t\t\t\t<figure class=\"wp-caption\">\n\t\t\t\t\t\t\t\t\t\t\t<a href=\"https:\/\/adec-paysdemontbeliard.fr\/livres-complices-2022\/fred-paronuzzi-4\/\">\n\t\t\t\t\t\t\t<img fetchpriority=\"high\" decoding=\"async\" width=\"480\" height=\"459\" src=\"https:\/\/fredparonuzzi.fr\/wp-content\/uploads\/2024\/04\/rencontre-1.jpg\" class=\"attachment-large size-large wp-image-805\" alt=\"\" srcset=\"https:\/\/fredparonuzzi.fr\/wp-content\/uploads\/2024\/04\/rencontre-1.jpg 480w, https:\/\/fredparonuzzi.fr\/wp-content\/uploads\/2024\/04\/rencontre-1-300x287.jpg 300w\" sizes=\"(max-width: 480px) 100vw, 480px\" \/>\t\t\t\t\t\t\t\t<\/a>\n\t\t\t\t\t\t\t\t\t\t\t<figcaption class=\"widget-image-caption wp-caption-text\">Livres complices Adec Pays de Montb\u00e9liard<\/figcaption>\n\t\t\t\t\t\t\t\t\t\t<\/figure>\n\t\t\t\t\t\t\t\t\t<\/div>\n\t\t\t\t<\/div>\n\t\t\t\t<\/div>\n\t\t<div class=\"elementor-element elementor-element-d0d42f7 e-con-full e-flex e-con e-parent\" data-id=\"d0d42f7\" data-element_type=\"container\" data-e-type=\"container\">\n\t\t<div class=\"elementor-element elementor-element-875bcb3 e-con-full e-flex e-con e-child\" data-id=\"875bcb3\" data-element_type=\"container\" data-e-type=\"container\">\n\t\t\t\t<div class=\"elementor-element elementor-element-6e9a28d elementor-widget elementor-widget-heading\" data-id=\"6e9a28d\" data-element_type=\"widget\" data-e-type=\"widget\" data-widget_type=\"heading.default\">\n\t\t\t\t<div class=\"elementor-widget-container\">\n\t\t\t\t\t<h2 class=\"elementor-heading-title elementor-size-default\"><br><br>2024-2025<br><br><\/h2>\t\t\t\t<\/div>\n\t\t\t\t<\/div>\n\t\t\t\t<div class=\"elementor-element elementor-element-16f99f3 elementor-widget elementor-widget-text-editor\" data-id=\"16f99f3\" data-element_type=\"widget\" data-e-type=\"widget\" data-widget_type=\"text-editor.default\">\n\t\t\t\t<div class=\"elementor-widget-container\">\n\t\t\t\t\t\t\t\t\t<p>25 juin 2025 : atelier d&rsquo;\u00e9criture au CH de Chamb\u00e9ry (73)<\/p><p>10 juin 2025 : atelier d&rsquo;\u00e9criture au CH de Chamb\u00e9ry (73)<\/p><p>5 juin 2025 : rencontre au coll\u00e8ge St Joseph de Sallanches (74)<\/p><p>23 mai 2025 : atelier d&rsquo;\u00e9criture au CH de Chamb\u00e9ry (73)<\/p><p>22 mai 2025 : rendu final de l&rsquo;atelier d&rsquo;\u00e9criture \u00e0 la Villa Gillet, Lyon (69), dans le cadre du dispositif d&rsquo;\u00e9ducation artistique et culturelle \u00ab\u00a0Raconte !\u00a0\u00bb<\/p><p>21 et 27 mai 2025 : rencontre et atelier d&rsquo;\u00e9criture au Lyc\u00e9e Professionnel La Cardini\u00e8re, CHamb\u00e9ry (73)<\/p><p>7 mai 2025 : atelier d&rsquo;\u00e9criture au CH de Chamb\u00e9ry (73)<\/p><p>10 et 11 avril 2025 : rencontres (niveau CE1 \u00e0 CM2) \u00e0 Aime-la-Plagne (73) d\u00e9dicace\u00e0 la librairie Librai&rsquo;Bulles (le 10)<\/p><p>7 avril 2025 : rencontre en classe d&rsquo;italien Euro au Coll\u00e8ge de Champier (38)<\/p><p>4 avril 2025 : rencontre au coll\u00e8ge Jos\u00e9phine Baker \u00e0 Saint-Donat-sur-ll&rsquo;Herbasse (26)<\/p><p>1er et 2 mars 2025 : festival BD Bulles de Lune, Lunel (34)<\/p><p>20 et 21 f\u00e9vrier 2025 : rencontres au Lyc\u00e9e Agricole E. Gautier, Nandax (42)<\/p><p>18 f\u00e9vrier 2025 : rencontre et atelier d&rsquo;\u00e9criture au lyc\u00e9e Jehanne de France \u00e0 Lyon (69)<\/p><p>23 janvier 2025 : atelier d&rsquo;\u00e9criture au CH de Chamb\u00e9ry (73)<\/p><p>21 janvier 2025 : rencontre dans le cadre du programme \u00ab\u00a0Jeunes en librairie\u00a0\u00bb \u00e0 la cit\u00e9 scolaire Demotz de Rumilly (73)<\/p><p>20 janvier 2025 : rencontre atelier d&rsquo;\u00e9criture autour du th\u00e8me de l&rsquo;art (et des tableaux de Fran\u00e7oise P\u00e9trovitch) au lyc\u00e9e St Ambroise de Chamb\u00e9ry (73)<\/p><p>17, 24, 31 janvier, 7 et 14 f\u00e9vrier 2025 : atelier d&rsquo;\u00e9criture au Lyc\u00e9e Saint Ambroise de Chamb\u00e9ry (73)<\/p><p>9 et 10 janvier 2025 : ateliers d&rsquo;\u00e9criture dans le cadre de \u00ab\u00a0Raconte !\u00a0\u00bb au coll\u00e8ge Olivier de Serres, Meyzieu (69), au coll\u00e8ge Boris Vian, St Priest (69) et au coll\u00e8ge Henri Barbusse, Vaulx-en-Velin (69)<\/p><p>19 d\u00e9cembre 2024 : rencontre au lyc\u00e9e horticole (LGTA Grenoble &#8211; Saint-Ismier) \u00e0 Saint-Ismier (38)<\/p><p>13 d\u00e9cembre 2024 : atelier d&rsquo;\u00e9criture au CHS de Bassens (73)<\/p><p>11 d\u00e9cembre 2024 : atelier d&rsquo;\u00e9criture au CH de Chamb\u00e9ry (73)<\/p><p>5 et 6 d\u00e9cembre 2024 : rencontres et ateliers d&rsquo;\u00e9criture dans le cadre de \u00ab\u00a0Raconte !\u00a0\u00bb au coll\u00e8ge Olivier de Serres, Meyzieu (69), au coll\u00e8ge Boris Vian, St Priest (69) et au coll\u00e8ge Henri Barbusse, Vaulx-en-Velin (69)<\/p><p>2 d\u00e9cembre 2024 : rencontres au Lyc\u00e9e Agricole E. Gautier, Nandax (42)<\/p><p>28 et 29 novembre 2024 : rencontres au coll\u00e8ge Les Frontailles, Saint-Pierre d&rsquo;Albigny (73)<\/p><p>21 novembre 2024 : rencontres au coll\u00e8ge REP Lapassat Romans-sur-Is\u00e8re (26)<\/p><p>19 novembre 2024 : rencontre scolaire \u00e0 la Villa Gillet, Lyon (69), dans le cadre du dispositif d&rsquo;\u00e9ducation artistique et culturelle \u00ab\u00a0Raconte !\u00a0\u00bb<\/p><p>13 novembre 2024 : atelier d&rsquo;\u00e9criture au CH de Chamb\u00e9ry (73)<\/p><p>18 octobre 2024 : atelier d&rsquo;\u00e9criture au CHS de Bassens (73)<\/p><p>8 octobre 2024 : atelier d&rsquo;\u00e9criture au CH de Chamb\u00e9ry (73)<\/p><p>13 septembre 2024 : atelier d&rsquo;\u00e9criture au CHS de Bassens (73)<\/p><p>10 septembre 2024 : atelier d&rsquo;\u00e9criture au Centre Hospitalier de Chamb\u00e9ry (73)<\/p>\t\t\t\t\t\t\t\t<\/div>\n\t\t\t\t<\/div>\n\t\t\t\t<\/div>\n\t\t\t\t<div class=\"elementor-element elementor-element-adcce02 elementor-widget elementor-widget-heading\" data-id=\"adcce02\" data-element_type=\"widget\" data-e-type=\"widget\" data-widget_type=\"heading.default\">\n\t\t\t\t<div class=\"elementor-widget-container\">\n\t\t\t\t\t<h4 class=\"elementor-heading-title elementor-size-default\">\n\n2023-2024\n<\/h4>\t\t\t\t<\/div>\n\t\t\t\t<\/div>\n\t\t\t\t<\/div>\n\t\t<div class=\"elementor-element elementor-element-e7e88fc e-flex e-con-boxed e-con e-parent\" data-id=\"e7e88fc\" data-element_type=\"container\" data-e-type=\"container\">\n\t\t\t\t\t<div class=\"e-con-inner\">\n\t\t\t\t<div class=\"elementor-element elementor-element-0459be9 elementor-widget elementor-widget-text-editor\" data-id=\"0459be9\" data-element_type=\"widget\" data-e-type=\"widget\" data-widget_type=\"text-editor.default\">\n\t\t\t\t<div class=\"elementor-widget-container\">\n\t\t\t\t\t\t\t\t\t<p>30 mai 2024 : membre du jury et parrain du prix Renadoc (r\u00e9seau national documentaire, enseignement agricole) \u00e0 Dijon (21)<\/p><p>28 mai 2024 : atelier d&rsquo;\u00e9criture au Centre Hospitalier de Chamb\u00e9ry (73)<\/p><p>27 mai 2024 : rencontre et atelier d&rsquo;\u00e9criture dans le cadre du programme Jeunes en librairie, lyc\u00e9e des m\u00e9tiers Porte des Alpes, Rumilly (74)<\/p><p>23 et 24 mai 2024 : rencontres et ateliers d&rsquo;\u00e9criture dans les \u00e9coles de Aillon-le-Jeune, Arith, Ecole et Le Ch\u00e2telard, salon le 25 mai \u00e0 Jarsy, massif des Bauges (73)<\/p><p>16 mai 2024 : table ronde lors de la remise du prix lyc\u00e9en \u00ab\u00a0Social BD\u00a0\u00bb \u00e0 Rennes (35)<\/p><p>14 mai 2024 : rencontres et ateliers d&rsquo;\u00e9criture avec les CM1 et CM2 de l&rsquo;\u00e9cole \u00e9l\u00e9mentaire de Aime la Plagne (73), d\u00e9dicace \u00e0 la librairie Librai&rsquo;Bulles.<\/p><p>2 mai 2024 : atelier d&rsquo;\u00e9criture au Centre Hospitalier de Chamb\u00e9ry (73)<\/p><p>8, 9, 10, 11 avril 2024 : rencontres et ateliers \u00e0 Lons le Saunier (39) avec les classe du lyc\u00e9e Jean Michel, du coll\u00e8ge Saint-Exup\u00e9ry, du lyc\u00e9e professionnel Montciel, du lyc\u00e9e professionnel Le Corbusier et du coll\u00e8ge Rouget de Lisle<\/p><p>5 et 12 avril 2024 : atelier d&rsquo;\u00e9criture au lyc\u00e9e Monge \u00e0 Chamb\u00e9ry (73)<\/p><p>3 avril 2024 : rencontre au lyc\u00e9e professionnel La Cardini\u00e8re \u00e0 Chamb\u00e9ry (73)<\/p><p>2 et 4 avril 2024 : rencontres \u00e0 la m\u00e9diath\u00e8que Bi\u00e8vre-Is\u00e8re de la C\u00f4te Saint Andr\u00e9 (38) avec les \u00e9l\u00e8ves du coll\u00e8ge Jongkind, du lyc\u00e9e Sainte C\u00e9cile, du lyc\u00e9e Hector Berlioz et du lyc\u00e9e agricole de la C\u00f4te Saint Andr\u00e9<\/p><p>29 mars 2024 : rencontre et atelier dans le cadre du programme Jeunes en Librairie au lyc\u00e9e du Granier \u00e0 La Ravoire (73)<\/p><p>26 mars 2024 : rencontre au lyc\u00e9e professionnel Paul H\u00e9roult \u00e0 Saint Jean de Maurienne (73)<\/p><p>24 et 25 mars 2024 : rencontres scolaires et ateliers d&rsquo;\u00e9criture \u00e0 la F\u00eate du livre jeunesse de Brangues (38) Rouge Cerise Noir Corbeau<\/p><p>22 mars 2024 : rencontre au coll\u00e8ge de Champier \u00e0 Champier (38)<\/p><p>16 et 17 mars 2024 : Festi&rsquo;BD, Moulins (03)<\/p><p>8 mars 2024 : rencontre dans le cadre du programme Jeunes en Librairie au lyc\u00e9e agricole Reinach \u00e0 la Motte-Servolex (73)<\/p><p>4 mars 2024 : rencontre dans le cadre du programme Jeunes en Librairie au coll\u00e8ge Joseph B\u00e9dier \u00e0 Grand-Serre (26)<\/p><p>15 f\u00e9vrier 2024 : rencontre au lyc\u00e9e Thiers de Marseille (13) avec Vincent Djinda autour de la BD\u00a0<em>De sel et de sang<\/em><\/p><p>13 f\u00e9vrier 2024 : rencontre et atelier dans le cadre du programme Jeunes en Librairie au coll\u00e8ge Saint Fran\u00e7ois de Sales \u00e0 Chamb\u00e9ry (73)<\/p><p>12 f\u00e9vrier 2024, rencontre au coll\u00e8ge Henri Wallon \u00e0 Saint Martin d&rsquo;H\u00e8res (38)<\/p><p>17 janvier 2024 : rencontre et atelier dans le cadre du programme Jeunes en Librairie au coll\u00e8ge Saint Ambroise \u00e0 Chamb\u00e9ry (73)<\/p><p>16 janvier 2024 : rencontre au lyc\u00e9e professionnel La Cardini\u00e8re \u00e0 Chamb\u00e9ry (73)<\/p><p>11 janvier 2024 : rencontre dans le cadre du programme Jeunes en Librairie au lyc\u00e9e professionnel D\u00e9motz \u00e0 Rumilly (74)<\/p><p>18 d\u00e9cembre 2023 : rencontres au l<span style=\"font-size: 14px; text-align: var(--text-align);\">yc\u00e9e agricole Etienne Gautier &#8211; Ressins &#8211; \u00e0 <\/span><span style=\"font-size: 14px; text-align: var(--text-align);\">NANDAX (42)<\/span><\/p><p>2 d\u00e9cembre 2023 : rencontre publique \u00e0 la m\u00e9diath\u00e8que JJ Rousseau de Chamb\u00e9ry (73) avec Vincent Djinda, illustrateur du roman graphique <em>De sel et de sang<\/em><\/p><p>16 et 17 novembre 2023 : rencontres au l<span style=\"font-size: 14px; text-align: var(--text-align);\">yc\u00e9e agricole Etienne Gautier &#8211; Ressins &#8211; \u00e0 <\/span><span style=\"font-size: 14px; text-align: var(--text-align);\">\u00a0NANDAX (42)<\/span><\/p>\t\t\t\t\t\t\t\t<\/div>\n\t\t\t\t<\/div>\n\t\t\t\t\t<\/div>\n\t\t\t\t<\/div>\n\t\t\t\t<\/div>\n\t\t","protected":false},"excerpt":{"rendered":"<p>Rencontres et ateliers Livres complices Adec Pays de Montb\u00e9liard 2024-2025 25 juin 2025 : atelier d&rsquo;\u00e9criture au CH de Chamb\u00e9ry (73) 10 juin 2025 : atelier d&rsquo;\u00e9criture au CH de Chamb\u00e9ry (73) 5 juin 2025 : rencontre au coll\u00e8ge St Joseph de Sallanches (74) 23 mai 2025 : atelier d&rsquo;\u00e9criture au CH de Chamb\u00e9ry (73) [&hellip;]<\/p>\n","protected":false},"author":1,"featured_media":0,"parent":0,"menu_order":0,"comment_status":"closed","ping_status":"closed","template":"","meta":{"ocean_post_layout":"","ocean_both_sidebars_style":"","ocean_both_sidebars_content_width":0,"ocean_both_sidebars_sidebars_width":0,"ocean_sidebar":"","ocean_second_sidebar":"","ocean_disable_margins":"enable","ocean_add_body_class":"","ocean_shortcode_before_top_bar":"","ocean_shortcode_after_top_bar":"","ocean_shortcode_before_header":"","ocean_shortcode_after_header":"","ocean_has_shortcode":"","ocean_shortcode_after_title":"","ocean_shortcode_before_footer_widgets":"","ocean_shortcode_after_footer_widgets":"","ocean_shortcode_before_footer_bottom":"","ocean_shortcode_after_footer_bottom":"","ocean_display_top_bar":"default","ocean_display_header":"default","ocean_header_style":"","ocean_center_header_left_menu":"","ocean_custom_header_template":"","ocean_custom_logo":0,"ocean_custom_retina_logo":0,"ocean_custom_logo_max_width":0,"ocean_custom_logo_tablet_max_width":0,"ocean_custom_logo_mobile_max_width":0,"ocean_custom_logo_max_height":0,"ocean_custom_logo_tablet_max_height":0,"ocean_custom_logo_mobile_max_height":0,"ocean_header_custom_menu":"","ocean_menu_typo_font_family":"","ocean_menu_typo_font_subset":"","ocean_menu_typo_font_size":0,"ocean_menu_typo_font_size_tablet":0,"ocean_menu_typo_font_size_mobile":0,"ocean_menu_typo_font_size_unit":"px","ocean_menu_typo_font_weight":"","ocean_menu_typo_font_weight_tablet":"","ocean_menu_typo_font_weight_mobile":"","ocean_menu_typo_transform":"","ocean_menu_typo_transform_tablet":"","ocean_menu_typo_transform_mobile":"","ocean_menu_typo_line_height":0,"ocean_menu_typo_line_height_tablet":0,"ocean_menu_typo_line_height_mobile":0,"ocean_menu_typo_line_height_unit":"","ocean_menu_typo_spacing":0,"ocean_menu_typo_spacing_tablet":0,"ocean_menu_typo_spacing_mobile":0,"ocean_menu_typo_spacing_unit":"","ocean_menu_link_color":"","ocean_menu_link_color_hover":"","ocean_menu_link_color_active":"","ocean_menu_link_background":"","ocean_menu_link_hover_background":"","ocean_menu_link_active_background":"","ocean_menu_social_links_bg":"","ocean_menu_social_hover_links_bg":"","ocean_menu_social_links_color":"","ocean_menu_social_hover_links_color":"","ocean_disable_title":"default","ocean_disable_heading":"default","ocean_post_title":"","ocean_post_subheading":"","ocean_post_title_style":"","ocean_post_title_background_color":"","ocean_post_title_background":0,"ocean_post_title_bg_image_position":"","ocean_post_title_bg_image_attachment":"","ocean_post_title_bg_image_repeat":"","ocean_post_title_bg_image_size":"","ocean_post_title_height":0,"ocean_post_title_bg_overlay":0.5,"ocean_post_title_bg_overlay_color":"","ocean_disable_breadcrumbs":"default","ocean_breadcrumbs_color":"","ocean_breadcrumbs_separator_color":"","ocean_breadcrumbs_links_color":"","ocean_breadcrumbs_links_hover_color":"","ocean_display_footer_widgets":"default","ocean_display_footer_bottom":"default","ocean_custom_footer_template":"","footnotes":""},"class_list":["post-722","page","type-page","status-publish","hentry","entry"],"yoast_head":"<!-- This site is optimized with the Yoast SEO plugin v27.4 - https:\/\/yoast.com\/product\/yoast-seo-wordpress\/ -->\n<title>Rencontres - Fred Paronuzzi<\/title>\n<meta name=\"robots\" content=\"index, follow, max-snippet:-1, max-image-preview:large, max-video-preview:-1\" \/>\n<link rel=\"canonical\" href=\"https:\/\/fredparonuzzi.fr\/index.php\/rencontres\/\" \/>\n<meta property=\"og:locale\" content=\"fr_FR\" \/>\n<meta property=\"og:type\" content=\"article\" \/>\n<meta property=\"og:title\" content=\"Rencontres - Fred Paronuzzi\" \/>\n<meta property=\"og:description\" content=\"Rencontres et ateliers Livres complices Adec Pays de Montb\u00e9liard 2024-2025 25 juin 2025 : atelier d&rsquo;\u00e9criture au CH de Chamb\u00e9ry (73) 10 juin 2025 : atelier d&rsquo;\u00e9criture au CH de Chamb\u00e9ry (73) 5 juin 2025 : rencontre au coll\u00e8ge St Joseph de Sallanches (74) 23 mai 2025 : atelier d&rsquo;\u00e9criture au CH de Chamb\u00e9ry (73) [&hellip;]\" \/>\n<meta property=\"og:url\" content=\"https:\/\/fredparonuzzi.fr\/index.php\/rencontres\/\" \/>\n<meta property=\"og:site_name\" content=\"Fred Paronuzzi\" \/>\n<meta property=\"article:modified_time\" content=\"2025-05-15T08:42:50+00:00\" \/>\n<meta property=\"og:image\" content=\"https:\/\/fredparonuzzi.fr\/wp-content\/uploads\/2024\/04\/rencontre-1.jpg\" \/>\n\t<meta property=\"og:image:width\" content=\"480\" \/>\n\t<meta property=\"og:image:height\" content=\"459\" \/>\n\t<meta property=\"og:image:type\" content=\"image\/jpeg\" \/>\n<meta name=\"twitter:card\" content=\"summary_large_image\" \/>\n<meta name=\"twitter:label1\" content=\"Dur\u00e9e de lecture estim\u00e9e\" \/>\n\t<meta name=\"twitter:data1\" content=\"6 minutes\" \/>\n<script type=\"application\/ld+json\" class=\"yoast-schema-graph\">{\"@context\":\"https:\\\/\\\/schema.org\",\"@graph\":[{\"@type\":\"WebPage\",\"@id\":\"https:\\\/\\\/fredparonuzzi.fr\\\/index.php\\\/rencontres\\\/\",\"url\":\"https:\\\/\\\/fredparonuzzi.fr\\\/index.php\\\/rencontres\\\/\",\"name\":\"Rencontres - Fred Paronuzzi\",\"isPartOf\":{\"@id\":\"https:\\\/\\\/fredparonuzzi.fr\\\/#website\"},\"primaryImageOfPage\":{\"@id\":\"https:\\\/\\\/fredparonuzzi.fr\\\/index.php\\\/rencontres\\\/#primaryimage\"},\"image\":{\"@id\":\"https:\\\/\\\/fredparonuzzi.fr\\\/index.php\\\/rencontres\\\/#primaryimage\"},\"thumbnailUrl\":\"https:\\\/\\\/fredparonuzzi.fr\\\/wp-content\\\/uploads\\\/2024\\\/04\\\/rencontre-1.jpg\",\"datePublished\":\"2024-04-13T10:12:31+00:00\",\"dateModified\":\"2025-05-15T08:42:50+00:00\",\"breadcrumb\":{\"@id\":\"https:\\\/\\\/fredparonuzzi.fr\\\/index.php\\\/rencontres\\\/#breadcrumb\"},\"inLanguage\":\"fr-FR\",\"potentialAction\":[{\"@type\":\"ReadAction\",\"target\":[\"https:\\\/\\\/fredparonuzzi.fr\\\/index.php\\\/rencontres\\\/\"]}]},{\"@type\":\"ImageObject\",\"inLanguage\":\"fr-FR\",\"@id\":\"https:\\\/\\\/fredparonuzzi.fr\\\/index.php\\\/rencontres\\\/#primaryimage\",\"url\":\"https:\\\/\\\/fredparonuzzi.fr\\\/wp-content\\\/uploads\\\/2024\\\/04\\\/rencontre-1.jpg\",\"contentUrl\":\"https:\\\/\\\/fredparonuzzi.fr\\\/wp-content\\\/uploads\\\/2024\\\/04\\\/rencontre-1.jpg\",\"width\":480,\"height\":459},{\"@type\":\"BreadcrumbList\",\"@id\":\"https:\\\/\\\/fredparonuzzi.fr\\\/index.php\\\/rencontres\\\/#breadcrumb\",\"itemListElement\":[{\"@type\":\"ListItem\",\"position\":1,\"name\":\"Accueil\",\"item\":\"https:\\\/\\\/fredparonuzzi.fr\\\/\"},{\"@type\":\"ListItem\",\"position\":2,\"name\":\"Rencontres\"}]},{\"@type\":\"WebSite\",\"@id\":\"https:\\\/\\\/fredparonuzzi.fr\\\/#website\",\"url\":\"https:\\\/\\\/fredparonuzzi.fr\\\/\",\"name\":\"Fred Paronuzzi\",\"description\":\"Auteur Ecrivain Sc\u00e9nariste BD Animateur d&#039;ateliers d&#039;\u00e9criture\",\"publisher\":{\"@id\":\"https:\\\/\\\/fredparonuzzi.fr\\\/#\\\/schema\\\/person\\\/656c29a4dc5435d3efe61efeaca5f2b3\"},\"potentialAction\":[{\"@type\":\"SearchAction\",\"target\":{\"@type\":\"EntryPoint\",\"urlTemplate\":\"https:\\\/\\\/fredparonuzzi.fr\\\/?s={search_term_string}\"},\"query-input\":{\"@type\":\"PropertyValueSpecification\",\"valueRequired\":true,\"valueName\":\"search_term_string\"}}],\"inLanguage\":\"fr-FR\"},{\"@type\":[\"Person\",\"Organization\"],\"@id\":\"https:\\\/\\\/fredparonuzzi.fr\\\/#\\\/schema\\\/person\\\/656c29a4dc5435d3efe61efeaca5f2b3\",\"name\":\"Fred\",\"image\":{\"@type\":\"ImageObject\",\"inLanguage\":\"fr-FR\",\"@id\":\"https:\\\/\\\/fredparonuzzi.fr\\\/wp-content\\\/uploads\\\/2024\\\/03\\\/DSC_0241-scaled.jpg\",\"url\":\"https:\\\/\\\/fredparonuzzi.fr\\\/wp-content\\\/uploads\\\/2024\\\/03\\\/DSC_0241-scaled.jpg\",\"contentUrl\":\"https:\\\/\\\/fredparonuzzi.fr\\\/wp-content\\\/uploads\\\/2024\\\/03\\\/DSC_0241-scaled.jpg\",\"width\":1881,\"height\":2560,\"caption\":\"Fred\"},\"logo\":{\"@id\":\"https:\\\/\\\/fredparonuzzi.fr\\\/wp-content\\\/uploads\\\/2024\\\/03\\\/DSC_0241-scaled.jpg\"},\"sameAs\":[\"http:\\\/\\\/fredparonuzzi.fr\"]}]}<\/script>\n<!-- \/ Yoast SEO plugin. -->","yoast_head_json":{"title":"Rencontres - Fred Paronuzzi","robots":{"index":"index","follow":"follow","max-snippet":"max-snippet:-1","max-image-preview":"max-image-preview:large","max-video-preview":"max-video-preview:-1"},"canonical":"https:\/\/fredparonuzzi.fr\/index.php\/rencontres\/","og_locale":"fr_FR","og_type":"article","og_title":"Rencontres - Fred Paronuzzi","og_description":"Rencontres et ateliers Livres complices Adec Pays de Montb\u00e9liard 2024-2025 25 juin 2025 : atelier d&rsquo;\u00e9criture au CH de Chamb\u00e9ry (73) 10 juin 2025 : atelier d&rsquo;\u00e9criture au CH de Chamb\u00e9ry (73) 5 juin 2025 : rencontre au coll\u00e8ge St Joseph de Sallanches (74) 23 mai 2025 : atelier d&rsquo;\u00e9criture au CH de Chamb\u00e9ry (73) [&hellip;]","og_url":"https:\/\/fredparonuzzi.fr\/index.php\/rencontres\/","og_site_name":"Fred Paronuzzi","article_modified_time":"2025-05-15T08:42:50+00:00","og_image":[{"width":480,"height":459,"url":"https:\/\/fredparonuzzi.fr\/wp-content\/uploads\/2024\/04\/rencontre-1.jpg","type":"image\/jpeg"}],"twitter_card":"summary_large_image","twitter_misc":{"Dur\u00e9e de lecture estim\u00e9e":"6 minutes"},"schema":{"@context":"https:\/\/schema.org","@graph":[{"@type":"WebPage","@id":"https:\/\/fredparonuzzi.fr\/index.php\/rencontres\/","url":"https:\/\/fredparonuzzi.fr\/index.php\/rencontres\/","name":"Rencontres - Fred Paronuzzi","isPartOf":{"@id":"https:\/\/fredparonuzzi.fr\/#website"},"primaryImageOfPage":{"@id":"https:\/\/fredparonuzzi.fr\/index.php\/rencontres\/#primaryimage"},"image":{"@id":"https:\/\/fredparonuzzi.fr\/index.php\/rencontres\/#primaryimage"},"thumbnailUrl":"https:\/\/fredparonuzzi.fr\/wp-content\/uploads\/2024\/04\/rencontre-1.jpg","datePublished":"2024-04-13T10:12:31+00:00","dateModified":"2025-05-15T08:42:50+00:00","breadcrumb":{"@id":"https:\/\/fredparonuzzi.fr\/index.php\/rencontres\/#breadcrumb"},"inLanguage":"fr-FR","potentialAction":[{"@type":"ReadAction","target":["https:\/\/fredparonuzzi.fr\/index.php\/rencontres\/"]}]},{"@type":"ImageObject","inLanguage":"fr-FR","@id":"https:\/\/fredparonuzzi.fr\/index.php\/rencontres\/#primaryimage","url":"https:\/\/fredparonuzzi.fr\/wp-content\/uploads\/2024\/04\/rencontre-1.jpg","contentUrl":"https:\/\/fredparonuzzi.fr\/wp-content\/uploads\/2024\/04\/rencontre-1.jpg","width":480,"height":459},{"@type":"BreadcrumbList","@id":"https:\/\/fredparonuzzi.fr\/index.php\/rencontres\/#breadcrumb","itemListElement":[{"@type":"ListItem","position":1,"name":"Accueil","item":"https:\/\/fredparonuzzi.fr\/"},{"@type":"ListItem","position":2,"name":"Rencontres"}]},{"@type":"WebSite","@id":"https:\/\/fredparonuzzi.fr\/#website","url":"https:\/\/fredparonuzzi.fr\/","name":"Fred Paronuzzi","description":"Auteur Ecrivain Sc\u00e9nariste BD Animateur d&#039;ateliers d&#039;\u00e9criture","publisher":{"@id":"https:\/\/fredparonuzzi.fr\/#\/schema\/person\/656c29a4dc5435d3efe61efeaca5f2b3"},"potentialAction":[{"@type":"SearchAction","target":{"@type":"EntryPoint","urlTemplate":"https:\/\/fredparonuzzi.fr\/?s={search_term_string}"},"query-input":{"@type":"PropertyValueSpecification","valueRequired":true,"valueName":"search_term_string"}}],"inLanguage":"fr-FR"},{"@type":["Person","Organization"],"@id":"https:\/\/fredparonuzzi.fr\/#\/schema\/person\/656c29a4dc5435d3efe61efeaca5f2b3","name":"Fred","image":{"@type":"ImageObject","inLanguage":"fr-FR","@id":"https:\/\/fredparonuzzi.fr\/wp-content\/uploads\/2024\/03\/DSC_0241-scaled.jpg","url":"https:\/\/fredparonuzzi.fr\/wp-content\/uploads\/2024\/03\/DSC_0241-scaled.jpg","contentUrl":"https:\/\/fredparonuzzi.fr\/wp-content\/uploads\/2024\/03\/DSC_0241-scaled.jpg","width":1881,"height":2560,"caption":"Fred"},"logo":{"@id":"https:\/\/fredparonuzzi.fr\/wp-content\/uploads\/2024\/03\/DSC_0241-scaled.jpg"},"sameAs":["http:\/\/fredparonuzzi.fr"]}]}},"_links":{"self":[{"href":"https:\/\/fredparonuzzi.fr\/index.php\/wp-json\/wp\/v2\/pages\/722","targetHints":{"allow":["GET"]}}],"collection":[{"href":"https:\/\/fredparonuzzi.fr\/index.php\/wp-json\/wp\/v2\/pages"}],"about":[{"href":"https:\/\/fredparonuzzi.fr\/index.php\/wp-json\/wp\/v2\/types\/page"}],"author":[{"embeddable":true,"href":"https:\/\/fredparonuzzi.fr\/index.php\/wp-json\/wp\/v2\/users\/1"}],"replies":[{"embeddable":true,"href":"https:\/\/fredparonuzzi.fr\/index.php\/wp-json\/wp\/v2\/comments?post=722"}],"version-history":[{"count":139,"href":"https:\/\/fredparonuzzi.fr\/index.php\/wp-json\/wp\/v2\/pages\/722\/revisions"}],"predecessor-version":[{"id":1835,"href":"https:\/\/fredparonuzzi.fr\/index.php\/wp-json\/wp\/v2\/pages\/722\/revisions\/1835"}],"wp:attachment":[{"href":"https:\/\/fredparonuzzi.fr\/index.php\/wp-json\/wp\/v2\/media?parent=722"}],"curies":[{"name":"wp","href":"https:\/\/api.w.org\/{rel}","templated":true}]}}